{"id":255,"date":"2025-05-27T08:03:03","date_gmt":"2025-05-27T08:03:03","guid":{"rendered":"https:\/\/luthier-legros.com\/?page_id=255"},"modified":"2025-05-27T08:25:17","modified_gmt":"2025-05-27T08:25:17","slug":"fabrication","status":"publish","type":"page","link":"http:\/\/luthier-legros.com\/index.php\/cs\/domu\/fabrication\/","title":{"rendered":"V\u00fdroba"},"content":{"rendered":"<p data-start=\"56\" data-end=\"69\"><strong data-start=\"56\" data-end=\"69\">Filosofie<\/strong><\/p>\n<p data-start=\"71\" data-end=\"376\">V\u00fdroba hudebn\u00edho n\u00e1stroje vy\u017eaduje fyzick\u00e9, intelektu\u00e1ln\u00ed i emocion\u00e1ln\u00ed nasazen\u00ed. Po v\u00edce ne\u017e 25 letech zku\u0161enost\u00ed jsem dokonale zvl\u00e1dl n\u00e1stroje, materi\u00e1ly i \u0159emeslo \u2014 ale skute\u010dn\u00e1 kvalita nevych\u00e1z\u00ed pouze z dovednosti. Vych\u00e1z\u00ed z vize: jasn\u00e9ho z\u00e1m\u011bru, jak\u00fd zvuk, pocit a z\u00e1\u017eitek chci hudebn\u00edkovi nab\u00eddnout.<\/p>\n<p data-start=\"378\" data-end=\"605\">Pracuji intenzivn\u011b a spont\u00e1nn\u011b, \u010dasto v podobn\u00e9m duchu jako japonsk\u00e1 kaligrafie, kde m\u00e1 ka\u017ed\u00fd pohyb n\u00e1stroje sv\u016fj v\u00fdznam. Sou\u010dasn\u011b ale n\u00e1stroj mus\u00ed nakonec ustoupit stranou, aby mohl zaz\u00e1\u0159it prostor hudby a osobnost interpreta.<\/p>\n<p data-start=\"607\" data-end=\"791\">Proto kladu d\u016fraz na pohodl\u00ed p\u0159i h\u0159e, vyv\u00e1\u017eenost, bohatost t\u00f3nu a citlivou odezvu \u2013 vlastnosti, kter\u00e9 hudebn\u00edkovi umo\u017en\u00ed zapomenout na n\u00e1stroj a pln\u011b se pono\u0159it do hudebn\u00edho vyj\u00e1d\u0159en\u00ed.<\/p>\n<p data-start=\"793\" data-end=\"1048\">Kdykoli je to mo\u017en\u00e9, r\u00e1d spolupracuji s hudebn\u00edkem od samotn\u00e9ho za\u010d\u00e1tku procesu. Porozum\u011bn\u00ed jeho akustick\u00fdm pot\u0159eb\u00e1m, estetick\u00fdm preferenc\u00edm a hudebn\u00ed osobnosti mi umo\u017e\u0148uje p\u0159izp\u016fsobit ka\u017ed\u00fd prvek n\u00e1stroje \u2014 od v\u00fdb\u011bru modelu a d\u0159eva a\u017e po lak a nastaven\u00ed.<\/p>\n<hr data-start=\"1050\" data-end=\"1053\" \/>\n<p data-start=\"1055\" data-end=\"1066\"><strong data-start=\"1055\" data-end=\"1066\">\u0158emeslo<\/strong><\/p>\n<p data-start=\"1068\" data-end=\"1190\">Ve\u0161ker\u00e9 rezonan\u010dn\u00ed d\u0159evo si vyb\u00edr\u00e1m osobn\u011b: javor ze st\u0159edn\u00ed Evropy a smrk z italsk\u00fdch Alp, p\u0159irozen\u011b su\u0161en\u00fd po mnoho let.<\/p>\n<p data-start=\"1192\" data-end=\"1311\">Modely si kresl\u00edm s\u00e1m pomoc\u00ed historick\u00fdch geometrick\u00fdch metod, zejm\u00e9na t\u011bch, kter\u00e9 znovuobjevil housla\u0159 Fran\u00e7ois Denis.<\/p>\n<p data-start=\"1313\" data-end=\"1434\">Lak p\u0159ipravuji od z\u00e1kladu s\u00e1m \u2013 z ln\u011bn\u00e9ho oleje, jantaru, kalafuny, sandaraku a p\u0159\u00edrodn\u00edch pigment\u016f z rostlin a miner\u00e1l\u016f.<\/p>\n<p data-start=\"1436\" data-end=\"1600\">Inspiruji se jak velk\u00fdmi mistry italsk\u00e9 \u0161koly, tak i sou\u010dasn\u00fdmi housla\u0159i. Pravideln\u011b sd\u00edl\u00edme \u00favahy o zvuku, estetice a technice \u2014 v\u017edy ve snaze o hlub\u0161\u00ed porozum\u011bn\u00ed.<\/p>\n<p data-start=\"1602\" data-end=\"1676\" data-is-last-node=\"\" data-is-only-node=\"\">V\u00fdroba n\u00e1stroj\u016f je celo\u017eivotn\u00ed cesta. Ka\u017ed\u00e9 violoncello je krokem kup\u0159edu.<\/p>\n","protected":false},"excerpt":{"rendered":"<p>Filosofie V\u00fdroba hudebn\u00edho n\u00e1stroje vy\u017eaduje fyzick\u00e9, intelektu\u00e1ln\u00ed i emocion\u00e1ln\u00ed nasazen\u00ed. Po v\u00edce ne\u017e 25 letech zku\u0161enost\u00ed jsem dokonale zvl\u00e1dl n\u00e1stroje, materi\u00e1ly i \u0159emeslo \u2014 ale skute\u010dn\u00e1 kvalita nevych\u00e1z\u00ed pouze z [&hellip;]<\/p>\n","protected":false},"author":1,"featured_media":0,"parent":238,"menu_order":0,"comment_status":"closed","ping_status":"closed","template":"","meta":{"footnotes":""},"class_list":["post-255","page","type-page","status-publish","hentry"],"_links":{"self":[{"href":"http:\/\/luthier-legros.com\/index.php\/wp-json\/wp\/v2\/pages\/255","targetHints":{"allow":["GET"]}}],"collection":[{"href":"http:\/\/luthier-legros.com\/index.php\/wp-json\/wp\/v2\/pages"}],"about":[{"href":"http:\/\/luthier-legros.com\/index.php\/wp-json\/wp\/v2\/types\/page"}],"author":[{"embeddable":true,"href":"http:\/\/luthier-legros.com\/index.php\/wp-json\/wp\/v2\/users\/1"}],"replies":[{"embeddable":true,"href":"http:\/\/luthier-legros.com\/index.php\/wp-json\/wp\/v2\/comments?post=255"}],"version-history":[{"count":2,"href":"http:\/\/luthier-legros.com\/index.php\/wp-json\/wp\/v2\/pages\/255\/revisions"}],"predecessor-version":[{"id":286,"href":"http:\/\/luthier-legros.com\/index.php\/wp-json\/wp\/v2\/pages\/255\/revisions\/286"}],"up":[{"embeddable":true,"href":"http:\/\/luthier-legros.com\/index.php\/wp-json\/wp\/v2\/pages\/238"}],"wp:attachment":[{"href":"http:\/\/luthier-legros.com\/index.php\/wp-json\/wp\/v2\/media?parent=255"}],"curies":[{"name":"wp","href":"https:\/\/api.w.org\/{rel}","templated":true}]}}