{"id":257,"date":"2025-05-27T08:06:41","date_gmt":"2025-05-27T08:06:41","guid":{"rendered":"https:\/\/luthier-legros.com\/?page_id=257"},"modified":"2025-05-27T08:25:48","modified_gmt":"2025-05-27T08:25:48","slug":"restoration","status":"publish","type":"page","link":"http:\/\/luthier-legros.com\/index.php\/cs\/domu\/restoration\/","title":{"rendered":"Restaurace"},"content":{"rendered":"\n<p>V\u00fdm\u011bna kobylky nebo lepen\u00ed des\u00edtek prasklin na horn\u00ed desce n\u00e1stroje \u2014 pr\u00e1ce restaur\u00e1tora je rozs\u00e1hl\u00e1 a vzru\u0161uj\u00edc\u00ed. Lze ji rozd\u011blit do t\u0159\u00ed hlavn\u00edch oblast\u00ed:<\/p>\n\n\n\n<p><strong>1\u00ba \u00dadr\u017eba a \u00faprava zvuku:<\/strong><br>Hudebn\u00ed n\u00e1stroj je prost\u0159edkem, kter\u00fdm hudebn\u00edk vytv\u00e1\u0159\u00ed sv\u00e9 um\u011bn\u00ed. Existuj\u00ed r\u016fzn\u00e9 z\u00e1sahy, kter\u00e9 mohou zlep\u0161it zvuk nebo pocit ze hry v rukou hudebn\u00edka.<\/p>\n\n\n\n<p><strong>2\u00ba Oprava:<\/strong><br>St\u00e1v\u00e1 se, \u017ee n\u00e1stroj utrp\u00ed drobnou nehodu, nebo nebyl del\u0161\u00ed dobu hran\u00fd. V takov\u00e9m p\u0159\u00edpad\u011b je mo\u017en\u00e9 ho otev\u0159\u00edt a opravit prasklinu nebo vym\u011bnit zlomen\u00fd krk.<\/p>\n\n\n\n<p><strong>3\u00ba Restaurov\u00e1n\u00ed:<\/strong><br>Kdy\u017e je n\u00e1stroj po mnoho let opu\u0161t\u011bn\u00fd, m\u016f\u017ee b\u00fdt ve velmi \u0161patn\u00e9m stavu \u2013 napaden\u00fd \u010dervoto\u010dem nebo my\u0161mi, s prasklinami \u010di chyb\u011bj\u00edc\u00edmi \u010d\u00e1stmi. Restaur\u00e1tor mus\u00ed b\u00fdt trp\u011bliv\u00fd a pracovat na stejn\u00e9m n\u00e1stroji i cel\u00e9 m\u011bs\u00edce, ale z\u00e1rove\u0148 mus\u00ed pe\u010dliv\u011b uva\u017eovat o tom, jak zachovat jeho historickou a hudebn\u00ed integritu.<\/p>\n\n\n\n<p><\/p>\n","protected":false},"excerpt":{"rendered":"<p>V\u00fdm\u011bna kobylky nebo lepen\u00ed des\u00edtek prasklin na horn\u00ed desce n\u00e1stroje \u2014 pr\u00e1ce restaur\u00e1tora je rozs\u00e1hl\u00e1 a vzru\u0161uj\u00edc\u00ed. Lze ji rozd\u011blit do t\u0159\u00ed hlavn\u00edch oblast\u00ed: 1\u00ba \u00dadr\u017eba a \u00faprava zvuku:Hudebn\u00ed n\u00e1stroj [&hellip;]<\/p>\n","protected":false},"author":1,"featured_media":0,"parent":238,"menu_order":0,"comment_status":"closed","ping_status":"closed","template":"","meta":{"footnotes":""},"class_list":["post-257","page","type-page","status-publish","hentry"],"_links":{"self":[{"href":"http:\/\/luthier-legros.com\/index.php\/wp-json\/wp\/v2\/pages\/257","targetHints":{"allow":["GET"]}}],"collection":[{"href":"http:\/\/luthier-legros.com\/index.php\/wp-json\/wp\/v2\/pages"}],"about":[{"href":"http:\/\/luthier-legros.com\/index.php\/wp-json\/wp\/v2\/types\/page"}],"author":[{"embeddable":true,"href":"http:\/\/luthier-legros.com\/index.php\/wp-json\/wp\/v2\/users\/1"}],"replies":[{"embeddable":true,"href":"http:\/\/luthier-legros.com\/index.php\/wp-json\/wp\/v2\/comments?post=257"}],"version-history":[{"count":3,"href":"http:\/\/luthier-legros.com\/index.php\/wp-json\/wp\/v2\/pages\/257\/revisions"}],"predecessor-version":[{"id":287,"href":"http:\/\/luthier-legros.com\/index.php\/wp-json\/wp\/v2\/pages\/257\/revisions\/287"}],"up":[{"embeddable":true,"href":"http:\/\/luthier-legros.com\/index.php\/wp-json\/wp\/v2\/pages\/238"}],"wp:attachment":[{"href":"http:\/\/luthier-legros.com\/index.php\/wp-json\/wp\/v2\/media?parent=257"}],"curies":[{"name":"wp","href":"https:\/\/api.w.org\/{rel}","templated":true}]}}