{"id":260,"date":"2025-05-27T08:08:41","date_gmt":"2025-05-27T08:08:41","guid":{"rendered":"https:\/\/luthier-legros.com\/?page_id=260"},"modified":"2025-05-27T08:35:40","modified_gmt":"2025-05-27T08:35:40","slug":"contact-2","status":"publish","type":"page","link":"http:\/\/luthier-legros.com\/index.php\/cs\/contact-2\/","title":{"rendered":"kontakt"},"content":{"rendered":"\n<p><strong>Pouze po p\u0159edchoz\u00ed domluv\u011b<\/strong><\/p>\n\n\n\n<p>Velice se omlouv\u00e1m za p\u0159\u00edpadn\u00e9 nedostatky v m\u00e9 \u010de\u0161tin\u011b, kterou se st\u00e1le u\u010d\u00edm. Ch\u00e1pu, \u017ee to m\u016f\u017ee komunikaci ob\u010das zkomplikovat, nicm\u00e9n\u011b ji to nezabra\u0148uje. Pokud neovl\u00e1d\u00e1te angli\u010dtinu, pros\u00edm, kontaktujte m\u011b rad\u011bji e-mailem.<\/p>\n\n\n<div id=\"pl-gb260-69e09102a4b0e\"  class=\"panel-layout\" ><div id=\"pg-gb260-69e09102a4b0e-0\"  class=\"panel-grid panel-no-style\" ><div id=\"pgc-gb260-69e09102a4b0e-0-0\"  class=\"panel-grid-cell\" ><div id=\"panel-gb260-69e09102a4b0e-0-0-0\" class=\"so-panel widget widget_text panel-first-child panel-last-child\" data-index=\"0\" >\t\t\t<div class=\"textwidget\"><p>Matthieu Legros<\/p>\n<p>Masarykova 9<\/p>\n<p>60200 Brno<\/p>\n<p>tel: 00420 773 080 023<\/p>\n<p>email: matthleg@gmail.com<\/p>\n<p><a href=\"https:\/\/www.google.com\/maps\/place\/Masarykova+439%2F9,+602+00+Brno-st%C5%99ed\/@49.1940078,16.6087231,15z\/data=!4m5!3m4!1s0x4712945721262b65:0x3df554b12c395857!8m2!3d49.1935515!4d16.6097206\" target=\"_blank\" rel=\"noopener\"><img loading=\"lazy\" decoding=\"async\" class=\"alignnone size-medium wp-image-81\" src=\"http:\/\/luthier-legros.com\/wp-content\/uploads\/2020\/01\/Screenshot-8-300x169.png\" alt=\"\" width=\"300\" height=\"169\" srcset=\"http:\/\/luthier-legros.com\/wp-content\/uploads\/2020\/01\/Screenshot-8-300x169.png 300w, http:\/\/luthier-legros.com\/wp-content\/uploads\/2020\/01\/Screenshot-8-768x432.png 768w, http:\/\/luthier-legros.com\/wp-content\/uploads\/2020\/01\/Screenshot-8-1024x576.png 1024w, http:\/\/luthier-legros.com\/wp-content\/uploads\/2020\/01\/Screenshot-8-750x422.png 750w, http:\/\/luthier-legros.com\/wp-content\/uploads\/2020\/01\/Screenshot-8-400x225.png 400w, http:\/\/luthier-legros.com\/wp-content\/uploads\/2020\/01\/Screenshot-8-430x242.png 430w, http:\/\/luthier-legros.com\/wp-content\/uploads\/2020\/01\/Screenshot-8-150x84.png 150w, http:\/\/luthier-legros.com\/wp-content\/uploads\/2020\/01\/Screenshot-8-100x56.png 100w, http:\/\/luthier-legros.com\/wp-content\/uploads\/2020\/01\/Screenshot-8.png 1920w\" sizes=\"auto, (max-width: 300px) 100vw, 300px\" \/><\/a><\/p>\n<\/div>\n\t\t<\/div><\/div><\/div><\/div>","protected":false},"excerpt":{"rendered":"<p>Pouze po p\u0159edchoz\u00ed domluv\u011b Velice se omlouv\u00e1m za p\u0159\u00edpadn\u00e9 nedostatky v m\u00e9 \u010de\u0161tin\u011b, kterou se st\u00e1le u\u010d\u00edm. Ch\u00e1pu, \u017ee to m\u016f\u017ee komunikaci ob\u010das zkomplikovat, nicm\u00e9n\u011b ji to nezabra\u0148uje. Pokud neovl\u00e1d\u00e1te [&hellip;]<\/p>\n","protected":false},"author":1,"featured_media":0,"parent":0,"menu_order":0,"comment_status":"closed","ping_status":"closed","template":"","meta":{"footnotes":""},"class_list":["post-260","page","type-page","status-publish","hentry"],"_links":{"self":[{"href":"http:\/\/luthier-legros.com\/index.php\/wp-json\/wp\/v2\/pages\/260","targetHints":{"allow":["GET"]}}],"collection":[{"href":"http:\/\/luthier-legros.com\/index.php\/wp-json\/wp\/v2\/pages"}],"about":[{"href":"http:\/\/luthier-legros.com\/index.php\/wp-json\/wp\/v2\/types\/page"}],"author":[{"embeddable":true,"href":"http:\/\/luthier-legros.com\/index.php\/wp-json\/wp\/v2\/users\/1"}],"replies":[{"embeddable":true,"href":"http:\/\/luthier-legros.com\/index.php\/wp-json\/wp\/v2\/comments?post=260"}],"version-history":[{"count":7,"href":"http:\/\/luthier-legros.com\/index.php\/wp-json\/wp\/v2\/pages\/260\/revisions"}],"predecessor-version":[{"id":297,"href":"http:\/\/luthier-legros.com\/index.php\/wp-json\/wp\/v2\/pages\/260\/revisions\/297"}],"wp:attachment":[{"href":"http:\/\/luthier-legros.com\/index.php\/wp-json\/wp\/v2\/media?parent=260"}],"curies":[{"name":"wp","href":"https:\/\/api.w.org\/{rel}","templated":true}]}}