{"id":276,"date":"2025-05-27T10:19:49","date_gmt":"2025-05-27T10:19:49","guid":{"rendered":"https:\/\/luthier-legros.com\/?page_id=276"},"modified":"2025-05-27T10:20:56","modified_gmt":"2025-05-27T10:20:56","slug":"obchod","status":"publish","type":"page","link":"http:\/\/luthier-legros.com\/index.php\/cs\/obchod\/","title":{"rendered":"Obchod"},"content":{"rendered":"<p data-start=\"39\" data-end=\"140\">V m\u00e9 d\u00edln\u011b najdete r\u016fzn\u00e9 n\u00e1stroje pro studenty i profesion\u00e1ly, ale tak\u00e9 v\u0161echny pot\u0159ebn\u00e9 dopl\u0148ky.<\/p>\n<p data-start=\"142\" data-end=\"359\">Nap\u0159\u00edklad zde m\u016f\u017eete naj\u00edt housle velikosti 1\/8 pro \u010dty\u0159let\u00e9 d\u00edt\u011b nebo kontrabas pro profesion\u00e1ln\u00edho hudebn\u00edka. D\u00e1le nab\u00edz\u00edm r\u016fzn\u00e9 typy strun (v\u010detn\u011b st\u0159evov\u00fdch), smy\u010dce, tlumi\u010de, pastorky, kol\u00edky, kobylky, brady\u2026<\/p>\n<p data-start=\"361\" data-end=\"436\">Ud\u011bl\u00e1m maximum, abych pro v\u00e1s na\u0161el to nejvhodn\u011bj\u0161\u00ed podle va\u0161eho vkusu.<\/p>\n<p data-start=\"438\" data-end=\"558\">N\u00ed\u017ee najdete n\u011bkter\u00e9 z n\u00e1stroj\u016f, kter\u00e9 m\u00e1m na prodej. Kliknut\u00edm na fotografie se dozv\u00edte v\u00edce o konkr\u00e9tn\u00edm n\u00e1stroji.<\/p>\n\n\n<figure class=\"wp-block-gallery has-nested-images columns-default is-cropped wp-block-gallery-1 is-layout-flex wp-block-gallery-is-layout-flex\">\n<figure class=\"wp-block-image size-large\"><img loading=\"lazy\" decoding=\"async\" width=\"683\" height=\"1024\" data-id=\"189\" src=\"http:\/\/luthier-legros.com\/wp-content\/uploads\/2024\/05\/SAM_1117-1-683x1024.jpg\" alt=\"\" class=\"wp-image-189\" srcset=\"http:\/\/luthier-legros.com\/wp-content\/uploads\/2024\/05\/SAM_1117-1-683x1024.jpg 683w, http:\/\/luthier-legros.com\/wp-content\/uploads\/2024\/05\/SAM_1117-1-200x300.jpg 200w, http:\/\/luthier-legros.com\/wp-content\/uploads\/2024\/05\/SAM_1117-1-768x1152.jpg 768w, http:\/\/luthier-legros.com\/wp-content\/uploads\/2024\/05\/SAM_1117-1-1024x1536.jpg 1024w, http:\/\/luthier-legros.com\/wp-content\/uploads\/2024\/05\/SAM_1117-1-1365x2048.jpg 1365w, http:\/\/luthier-legros.com\/wp-content\/uploads\/2024\/05\/SAM_1117-1-750x1125.jpg 750w, http:\/\/luthier-legros.com\/wp-content\/uploads\/2024\/05\/SAM_1117-1-400x600.jpg 400w, http:\/\/luthier-legros.com\/wp-content\/uploads\/2024\/05\/SAM_1117-1-430x645.jpg 430w, http:\/\/luthier-legros.com\/wp-content\/uploads\/2024\/05\/SAM_1117-1-150x225.jpg 150w, http:\/\/luthier-legros.com\/wp-content\/uploads\/2024\/05\/SAM_1117-1-100x150.jpg 100w, http:\/\/luthier-legros.com\/wp-content\/uploads\/2024\/05\/SAM_1117-1-scaled.jpg 1707w\" sizes=\"auto, (max-width: 683px) 100vw, 683px\" \/><\/figure>\n\n\n\n<figure class=\"wp-block-image size-large\"><img loading=\"lazy\" decoding=\"async\" width=\"683\" height=\"1024\" data-id=\"190\" src=\"http:\/\/luthier-legros.com\/wp-content\/uploads\/2024\/05\/SAM_1115-1-683x1024.jpg\" alt=\"\" class=\"wp-image-190\" srcset=\"http:\/\/luthier-legros.com\/wp-content\/uploads\/2024\/05\/SAM_1115-1-683x1024.jpg 683w, http:\/\/luthier-legros.com\/wp-content\/uploads\/2024\/05\/SAM_1115-1-200x300.jpg 200w, http:\/\/luthier-legros.com\/wp-content\/uploads\/2024\/05\/SAM_1115-1-768x1152.jpg 768w, http:\/\/luthier-legros.com\/wp-content\/uploads\/2024\/05\/SAM_1115-1-1024x1536.jpg 1024w, http:\/\/luthier-legros.com\/wp-content\/uploads\/2024\/05\/SAM_1115-1-1365x2048.jpg 1365w, http:\/\/luthier-legros.com\/wp-content\/uploads\/2024\/05\/SAM_1115-1-750x1125.jpg 750w, http:\/\/luthier-legros.com\/wp-content\/uploads\/2024\/05\/SAM_1115-1-400x600.jpg 400w, http:\/\/luthier-legros.com\/wp-content\/uploads\/2024\/05\/SAM_1115-1-430x645.jpg 430w, http:\/\/luthier-legros.com\/wp-content\/uploads\/2024\/05\/SAM_1115-1-150x225.jpg 150w, http:\/\/luthier-legros.com\/wp-content\/uploads\/2024\/05\/SAM_1115-1-100x150.jpg 100w, http:\/\/luthier-legros.com\/wp-content\/uploads\/2024\/05\/SAM_1115-1-scaled.jpg 1707w\" sizes=\"auto, (max-width: 683px) 100vw, 683px\" \/><\/figure>\n\n\n\n<figure class=\"wp-block-image size-large\"><img loading=\"lazy\" decoding=\"async\" width=\"683\" height=\"1024\" data-id=\"191\" src=\"http:\/\/luthier-legros.com\/wp-content\/uploads\/2024\/05\/SAM_1106-1-683x1024.jpg\" alt=\"\" class=\"wp-image-191\" srcset=\"http:\/\/luthier-legros.com\/wp-content\/uploads\/2024\/05\/SAM_1106-1-683x1024.jpg 683w, http:\/\/luthier-legros.com\/wp-content\/uploads\/2024\/05\/SAM_1106-1-200x300.jpg 200w, http:\/\/luthier-legros.com\/wp-content\/uploads\/2024\/05\/SAM_1106-1-768x1152.jpg 768w, http:\/\/luthier-legros.com\/wp-content\/uploads\/2024\/05\/SAM_1106-1-1024x1536.jpg 1024w, http:\/\/luthier-legros.com\/wp-content\/uploads\/2024\/05\/SAM_1106-1-1365x2048.jpg 1365w, http:\/\/luthier-legros.com\/wp-content\/uploads\/2024\/05\/SAM_1106-1-750x1125.jpg 750w, http:\/\/luthier-legros.com\/wp-content\/uploads\/2024\/05\/SAM_1106-1-400x600.jpg 400w, http:\/\/luthier-legros.com\/wp-content\/uploads\/2024\/05\/SAM_1106-1-430x645.jpg 430w, http:\/\/luthier-legros.com\/wp-content\/uploads\/2024\/05\/SAM_1106-1-150x225.jpg 150w, http:\/\/luthier-legros.com\/wp-content\/uploads\/2024\/05\/SAM_1106-1-100x150.jpg 100w, http:\/\/luthier-legros.com\/wp-content\/uploads\/2024\/05\/SAM_1106-1-scaled.jpg 1707w\" sizes=\"auto, (max-width: 683px) 100vw, 683px\" \/><\/figure>\n\n\n\n<figure class=\"wp-block-image size-large\"><img loading=\"lazy\" decoding=\"async\" width=\"584\" height=\"1024\" data-id=\"192\" src=\"http:\/\/luthier-legros.com\/wp-content\/uploads\/2024\/05\/SAM_1104-1-584x1024.jpg\" alt=\"\" class=\"wp-image-192\" srcset=\"http:\/\/luthier-legros.com\/wp-content\/uploads\/2024\/05\/SAM_1104-1-584x1024.jpg 584w, http:\/\/luthier-legros.com\/wp-content\/uploads\/2024\/05\/SAM_1104-1-171x300.jpg 171w, http:\/\/luthier-legros.com\/wp-content\/uploads\/2024\/05\/SAM_1104-1-768x1347.jpg 768w, http:\/\/luthier-legros.com\/wp-content\/uploads\/2024\/05\/SAM_1104-1-876x1536.jpg 876w, http:\/\/luthier-legros.com\/wp-content\/uploads\/2024\/05\/SAM_1104-1-1168x2048.jpg 1168w, http:\/\/luthier-legros.com\/wp-content\/uploads\/2024\/05\/SAM_1104-1-750x1315.jpg 750w, http:\/\/luthier-legros.com\/wp-content\/uploads\/2024\/05\/SAM_1104-1-400x702.jpg 400w, http:\/\/luthier-legros.com\/wp-content\/uploads\/2024\/05\/SAM_1104-1-430x754.jpg 430w, http:\/\/luthier-legros.com\/wp-content\/uploads\/2024\/05\/SAM_1104-1-150x263.jpg 150w, http:\/\/luthier-legros.com\/wp-content\/uploads\/2024\/05\/SAM_1104-1-100x175.jpg 100w, http:\/\/luthier-legros.com\/wp-content\/uploads\/2024\/05\/SAM_1104-1-scaled.jpg 1460w\" sizes=\"auto, (max-width: 584px) 100vw, 584px\" \/><\/figure>\n\n\n\n<figure class=\"wp-block-image size-large\"><img loading=\"lazy\" decoding=\"async\" width=\"584\" height=\"1024\" data-id=\"183\" src=\"http:\/\/luthier-legros.com\/wp-content\/uploads\/2024\/05\/SAM_1104-584x1024.jpg\" alt=\"\" class=\"wp-image-183\" srcset=\"http:\/\/luthier-legros.com\/wp-content\/uploads\/2024\/05\/SAM_1104-584x1024.jpg 584w, http:\/\/luthier-legros.com\/wp-content\/uploads\/2024\/05\/SAM_1104-171x300.jpg 171w, http:\/\/luthier-legros.com\/wp-content\/uploads\/2024\/05\/SAM_1104-768x1347.jpg 768w, http:\/\/luthier-legros.com\/wp-content\/uploads\/2024\/05\/SAM_1104-876x1536.jpg 876w, http:\/\/luthier-legros.com\/wp-content\/uploads\/2024\/05\/SAM_1104-1168x2048.jpg 1168w, http:\/\/luthier-legros.com\/wp-content\/uploads\/2024\/05\/SAM_1104-750x1315.jpg 750w, http:\/\/luthier-legros.com\/wp-content\/uploads\/2024\/05\/SAM_1104-400x702.jpg 400w, http:\/\/luthier-legros.com\/wp-content\/uploads\/2024\/05\/SAM_1104-430x754.jpg 430w, http:\/\/luthier-legros.com\/wp-content\/uploads\/2024\/05\/SAM_1104-150x263.jpg 150w, http:\/\/luthier-legros.com\/wp-content\/uploads\/2024\/05\/SAM_1104-100x175.jpg 100w, http:\/\/luthier-legros.com\/wp-content\/uploads\/2024\/05\/SAM_1104-scaled.jpg 1460w\" sizes=\"auto, (max-width: 584px) 100vw, 584px\" \/><\/figure>\n\n\n\n<figure class=\"wp-block-image size-large\"><img loading=\"lazy\" decoding=\"async\" width=\"683\" height=\"1024\" data-id=\"179\" src=\"http:\/\/luthier-legros.com\/wp-content\/uploads\/2024\/05\/SAM_1096-683x1024.jpg\" alt=\"\" class=\"wp-image-179\" srcset=\"http:\/\/luthier-legros.com\/wp-content\/uploads\/2024\/05\/SAM_1096-683x1024.jpg 683w, http:\/\/luthier-legros.com\/wp-content\/uploads\/2024\/05\/SAM_1096-200x300.jpg 200w, http:\/\/luthier-legros.com\/wp-content\/uploads\/2024\/05\/SAM_1096-768x1152.jpg 768w, http:\/\/luthier-legros.com\/wp-content\/uploads\/2024\/05\/SAM_1096-1024x1536.jpg 1024w, http:\/\/luthier-legros.com\/wp-content\/uploads\/2024\/05\/SAM_1096-1365x2048.jpg 1365w, http:\/\/luthier-legros.com\/wp-content\/uploads\/2024\/05\/SAM_1096-750x1125.jpg 750w, http:\/\/luthier-legros.com\/wp-content\/uploads\/2024\/05\/SAM_1096-400x600.jpg 400w, http:\/\/luthier-legros.com\/wp-content\/uploads\/2024\/05\/SAM_1096-430x645.jpg 430w, http:\/\/luthier-legros.com\/wp-content\/uploads\/2024\/05\/SAM_1096-150x225.jpg 150w, http:\/\/luthier-legros.com\/wp-content\/uploads\/2024\/05\/SAM_1096-100x150.jpg 100w, http:\/\/luthier-legros.com\/wp-content\/uploads\/2024\/05\/SAM_1096-scaled.jpg 1707w\" sizes=\"auto, (max-width: 683px) 100vw, 683px\" \/><\/figure>\n\n\n\n<figure class=\"wp-block-image size-large\"><img loading=\"lazy\" decoding=\"async\" width=\"683\" height=\"1024\" data-id=\"185\" src=\"http:\/\/luthier-legros.com\/wp-content\/uploads\/2024\/05\/SAM_1095-683x1024.jpg\" alt=\"\" class=\"wp-image-185\" srcset=\"http:\/\/luthier-legros.com\/wp-content\/uploads\/2024\/05\/SAM_1095-683x1024.jpg 683w, http:\/\/luthier-legros.com\/wp-content\/uploads\/2024\/05\/SAM_1095-200x300.jpg 200w, http:\/\/luthier-legros.com\/wp-content\/uploads\/2024\/05\/SAM_1095-768x1152.jpg 768w, http:\/\/luthier-legros.com\/wp-content\/uploads\/2024\/05\/SAM_1095-1024x1536.jpg 1024w, http:\/\/luthier-legros.com\/wp-content\/uploads\/2024\/05\/SAM_1095-1365x2048.jpg 1365w, http:\/\/luthier-legros.com\/wp-content\/uploads\/2024\/05\/SAM_1095-750x1125.jpg 750w, http:\/\/luthier-legros.com\/wp-content\/uploads\/2024\/05\/SAM_1095-400x600.jpg 400w, http:\/\/luthier-legros.com\/wp-content\/uploads\/2024\/05\/SAM_1095-430x645.jpg 430w, http:\/\/luthier-legros.com\/wp-content\/uploads\/2024\/05\/SAM_1095-150x225.jpg 150w, http:\/\/luthier-legros.com\/wp-content\/uploads\/2024\/05\/SAM_1095-100x150.jpg 100w, http:\/\/luthier-legros.com\/wp-content\/uploads\/2024\/05\/SAM_1095-scaled.jpg 1707w\" sizes=\"auto, (max-width: 683px) 100vw, 683px\" \/><\/figure>\n\n\n\n<figure class=\"wp-block-image size-large\"><img loading=\"lazy\" decoding=\"async\" width=\"683\" height=\"1024\" data-id=\"186\" src=\"http:\/\/luthier-legros.com\/wp-content\/uploads\/2024\/05\/SAM_1085-683x1024.jpg\" alt=\"\" class=\"wp-image-186\" srcset=\"http:\/\/luthier-legros.com\/wp-content\/uploads\/2024\/05\/SAM_1085-683x1024.jpg 683w, http:\/\/luthier-legros.com\/wp-content\/uploads\/2024\/05\/SAM_1085-200x300.jpg 200w, http:\/\/luthier-legros.com\/wp-content\/uploads\/2024\/05\/SAM_1085-768x1152.jpg 768w, http:\/\/luthier-legros.com\/wp-content\/uploads\/2024\/05\/SAM_1085-1024x1536.jpg 1024w, http:\/\/luthier-legros.com\/wp-content\/uploads\/2024\/05\/SAM_1085-1365x2048.jpg 1365w, http:\/\/luthier-legros.com\/wp-content\/uploads\/2024\/05\/SAM_1085-750x1125.jpg 750w, http:\/\/luthier-legros.com\/wp-content\/uploads\/2024\/05\/SAM_1085-400x600.jpg 400w, http:\/\/luthier-legros.com\/wp-content\/uploads\/2024\/05\/SAM_1085-430x645.jpg 430w, http:\/\/luthier-legros.com\/wp-content\/uploads\/2024\/05\/SAM_1085-150x225.jpg 150w, http:\/\/luthier-legros.com\/wp-content\/uploads\/2024\/05\/SAM_1085-100x150.jpg 100w, http:\/\/luthier-legros.com\/wp-content\/uploads\/2024\/05\/SAM_1085-scaled.jpg 1706w\" sizes=\"auto, (max-width: 683px) 100vw, 683px\" \/><\/figure>\n\n\n\n<figure class=\"wp-block-image size-large\"><img loading=\"lazy\" decoding=\"async\" width=\"683\" height=\"1024\" data-id=\"187\" src=\"http:\/\/luthier-legros.com\/wp-content\/uploads\/2024\/05\/SAM_1079-683x1024.jpg\" alt=\"\" class=\"wp-image-187\" srcset=\"http:\/\/luthier-legros.com\/wp-content\/uploads\/2024\/05\/SAM_1079-683x1024.jpg 683w, http:\/\/luthier-legros.com\/wp-content\/uploads\/2024\/05\/SAM_1079-200x300.jpg 200w, http:\/\/luthier-legros.com\/wp-content\/uploads\/2024\/05\/SAM_1079-768x1152.jpg 768w, http:\/\/luthier-legros.com\/wp-content\/uploads\/2024\/05\/SAM_1079-1024x1536.jpg 1024w, http:\/\/luthier-legros.com\/wp-content\/uploads\/2024\/05\/SAM_1079-1365x2048.jpg 1365w, http:\/\/luthier-legros.com\/wp-content\/uploads\/2024\/05\/SAM_1079-750x1125.jpg 750w, http:\/\/luthier-legros.com\/wp-content\/uploads\/2024\/05\/SAM_1079-400x600.jpg 400w, http:\/\/luthier-legros.com\/wp-content\/uploads\/2024\/05\/SAM_1079-430x645.jpg 430w, http:\/\/luthier-legros.com\/wp-content\/uploads\/2024\/05\/SAM_1079-150x225.jpg 150w, http:\/\/luthier-legros.com\/wp-content\/uploads\/2024\/05\/SAM_1079-100x150.jpg 100w, http:\/\/luthier-legros.com\/wp-content\/uploads\/2024\/05\/SAM_1079-scaled.jpg 1706w\" sizes=\"auto, (max-width: 683px) 100vw, 683px\" \/><\/figure>\n\n\n\n<figure class=\"wp-block-image size-large\"><img loading=\"lazy\" decoding=\"async\" width=\"683\" height=\"1024\" data-id=\"188\" src=\"http:\/\/luthier-legros.com\/wp-content\/uploads\/2024\/05\/SAM_0988-683x1024.jpg\" alt=\"\" class=\"wp-image-188\" srcset=\"http:\/\/luthier-legros.com\/wp-content\/uploads\/2024\/05\/SAM_0988-683x1024.jpg 683w, http:\/\/luthier-legros.com\/wp-content\/uploads\/2024\/05\/SAM_0988-200x300.jpg 200w, http:\/\/luthier-legros.com\/wp-content\/uploads\/2024\/05\/SAM_0988-768x1152.jpg 768w, http:\/\/luthier-legros.com\/wp-content\/uploads\/2024\/05\/SAM_0988-1024x1536.jpg 1024w, http:\/\/luthier-legros.com\/wp-content\/uploads\/2024\/05\/SAM_0988-1365x2048.jpg 1365w, http:\/\/luthier-legros.com\/wp-content\/uploads\/2024\/05\/SAM_0988-750x1125.jpg 750w, http:\/\/luthier-legros.com\/wp-content\/uploads\/2024\/05\/SAM_0988-400x600.jpg 400w, http:\/\/luthier-legros.com\/wp-content\/uploads\/2024\/05\/SAM_0988-430x645.jpg 430w, http:\/\/luthier-legros.com\/wp-content\/uploads\/2024\/05\/SAM_0988-150x225.jpg 150w, http:\/\/luthier-legros.com\/wp-content\/uploads\/2024\/05\/SAM_0988-100x150.jpg 100w, http:\/\/luthier-legros.com\/wp-content\/uploads\/2024\/05\/SAM_0988-scaled.jpg 1707w\" sizes=\"auto, (max-width: 683px) 100vw, 683px\" \/><\/figure>\n\n\n\n<figure class=\"wp-block-image size-large\"><img loading=\"lazy\" decoding=\"async\" width=\"618\" height=\"1024\" data-id=\"193\" src=\"http:\/\/luthier-legros.com\/wp-content\/uploads\/2024\/05\/SAM_8394-1-618x1024.jpg\" alt=\"\" class=\"wp-image-193\" srcset=\"http:\/\/luthier-legros.com\/wp-content\/uploads\/2024\/05\/SAM_8394-1-618x1024.jpg 618w, http:\/\/luthier-legros.com\/wp-content\/uploads\/2024\/05\/SAM_8394-1-181x300.jpg 181w, http:\/\/luthier-legros.com\/wp-content\/uploads\/2024\/05\/SAM_8394-1-768x1272.jpg 768w, http:\/\/luthier-legros.com\/wp-content\/uploads\/2024\/05\/SAM_8394-1-928x1536.jpg 928w, http:\/\/luthier-legros.com\/wp-content\/uploads\/2024\/05\/SAM_8394-1-1237x2048.jpg 1237w, http:\/\/luthier-legros.com\/wp-content\/uploads\/2024\/05\/SAM_8394-1-750x1242.jpg 750w, http:\/\/luthier-legros.com\/wp-content\/uploads\/2024\/05\/SAM_8394-1-400x662.jpg 400w, http:\/\/luthier-legros.com\/wp-content\/uploads\/2024\/05\/SAM_8394-1-430x712.jpg 430w, http:\/\/luthier-legros.com\/wp-content\/uploads\/2024\/05\/SAM_8394-1-150x248.jpg 150w, http:\/\/luthier-legros.com\/wp-content\/uploads\/2024\/05\/SAM_8394-1-100x166.jpg 100w, http:\/\/luthier-legros.com\/wp-content\/uploads\/2024\/05\/SAM_8394-1-scaled.jpg 1546w\" sizes=\"auto, (max-width: 618px) 100vw, 618px\" \/><\/figure>\n<\/figure>\n","protected":false},"excerpt":{"rendered":"<p>V m\u00e9 d\u00edln\u011b najdete r\u016fzn\u00e9 n\u00e1stroje pro studenty i profesion\u00e1ly, ale tak\u00e9 v\u0161echny pot\u0159ebn\u00e9 dopl\u0148ky. Nap\u0159\u00edklad zde m\u016f\u017eete naj\u00edt housle velikosti 1\/8 pro \u010dty\u0159let\u00e9 d\u00edt\u011b nebo kontrabas pro profesion\u00e1ln\u00edho hudebn\u00edka. [&hellip;]<\/p>\n","protected":false},"author":1,"featured_media":0,"parent":0,"menu_order":0,"comment_status":"closed","ping_status":"closed","template":"","meta":{"footnotes":""},"class_list":["post-276","page","type-page","status-publish","hentry"],"_links":{"self":[{"href":"http:\/\/luthier-legros.com\/index.php\/wp-json\/wp\/v2\/pages\/276","targetHints":{"allow":["GET"]}}],"collection":[{"href":"http:\/\/luthier-legros.com\/index.php\/wp-json\/wp\/v2\/pages"}],"about":[{"href":"http:\/\/luthier-legros.com\/index.php\/wp-json\/wp\/v2\/types\/page"}],"author":[{"embeddable":true,"href":"http:\/\/luthier-legros.com\/index.php\/wp-json\/wp\/v2\/users\/1"}],"replies":[{"embeddable":true,"href":"http:\/\/luthier-legros.com\/index.php\/wp-json\/wp\/v2\/comments?post=276"}],"version-history":[{"count":2,"href":"http:\/\/luthier-legros.com\/index.php\/wp-json\/wp\/v2\/pages\/276\/revisions"}],"predecessor-version":[{"id":319,"href":"http:\/\/luthier-legros.com\/index.php\/wp-json\/wp\/v2\/pages\/276\/revisions\/319"}],"wp:attachment":[{"href":"http:\/\/luthier-legros.com\/index.php\/wp-json\/wp\/v2\/media?parent=276"}],"curies":[{"name":"wp","href":"https:\/\/api.w.org\/{rel}","templated":true}]}}