{"id":298,"date":"2025-05-27T09:53:58","date_gmt":"2025-05-27T09:53:58","guid":{"rendered":"https:\/\/luthier-legros.com\/?page_id=298"},"modified":"2025-05-27T09:58:03","modified_gmt":"2025-05-27T09:58:03","slug":"home","status":"publish","type":"page","link":"http:\/\/luthier-legros.com\/index.php\/fr\/home\/","title":{"rendered":"Home"},"content":{"rendered":"<p data-start=\"40\" data-end=\"101\"><strong data-start=\"40\" data-end=\"101\">Facteur et restaurateur d&#8217;instruments du quatuor \u00e0 cordes<\/strong><\/p>\n<p data-start=\"103\" data-end=\"435\">Je suis luthier fran\u00e7ais install\u00e9 en R\u00e9publique tch\u00e8que. J\u2019ai commenc\u00e9 \u00e0 apprendre le m\u00e9tier \u00e0 l\u2019\u00e2ge de 15 ans \u00e0 l\u2019\u00c9cole nationale de lutherie de Mirecourt, dont je suis sorti dipl\u00f4m\u00e9 en 1995. Pendant deux d\u00e9cennies, j\u2019ai travaill\u00e9 dans des ateliers en France, en Espagne et aux Pays-Bas avant d\u2019ouvrir mon propre atelier \u00e0 Brno.<\/p>\n<p data-start=\"437\" data-end=\"817\">Mon atelier, situ\u00e9 au troisi\u00e8me \u00e9tage d\u2019un b\u00e2timent historique dans la vieille ville de Brno, accueille des musicien\u00b7nes de tous horizons \u2014 d\u00e9butant\u00b7es comme professionnel\u00b7les confirm\u00e9\u00b7es \u2014 qu\u2019ils ou elles jouent de la musique classique, baroque, jazz ou traditionnelle. Je prends le temps d\u2019\u00e9couter, de comprendre leurs besoins et de travailler en \u00e9troite collaboration avec eux.<\/p>\n<p data-start=\"819\" data-end=\"1103\">Au fil des ann\u00e9es, j\u2019ai eu le privil\u00e8ge de collaborer avec des luthiers et institutions renomm\u00e9s, ce qui m\u2019a permis de restaurer des instruments historiques exceptionnels \u2014 une exp\u00e9rience qui a profond\u00e9ment influenc\u00e9 ma mani\u00e8re d\u2019aborder la fabrication et l\u2019entretien des instruments.<\/p>\n<p data-start=\"1105\" data-end=\"1305\">J\u2019ai \u00e9galement eu la chance de cr\u00e9er des instruments pour des musicien\u00b7nes professionnel\u00b7les et reconnu\u00b7es \u00e0 travers l\u2019Europe, et je suis toujours reconnaissant d\u2019accompagner leur parcours artistique.<\/p>\n<p data-start=\"1307\" data-end=\"1515\">J\u2019aime la musique, j\u2019aime le travail artisanal, et j\u2019attache une grande importance au lien humain avec les musicien\u00b7nes. Je me consid\u00e8re comme tr\u00e8s chanceux d\u2019exercer un m\u00e9tier qui r\u00e9unit toutes ces passions.<\/p>\n\n\n<figure class=\"wp-block-gallery has-nested-images columns-default is-cropped wp-block-gallery-1 is-layout-flex wp-block-gallery-is-layout-flex\">\n<figure class=\"wp-block-image\"><img loading=\"lazy\" decoding=\"async\" width=\"1024\" height=\"683\" data-id=\"22\" src=\"http:\/\/luthier-legros.com\/wp-content\/uploads\/2020\/01\/SAM_8490-1024x683.jpg\" alt=\"Matthieu Legros violin maker workshop in Brno restoration of a cello from Goffriller\" class=\"wp-image-22\"\/><\/figure>\n\n\n\n<figure class=\"wp-block-image\"><img loading=\"lazy\" decoding=\"async\" width=\"1024\" height=\"683\" data-id=\"7\" src=\"http:\/\/luthier-legros.com\/wp-content\/uploads\/2020\/01\/SAM_1431-1024x683.jpg\" alt=\"violin maker Matthieu Legros construction of a new cello in Brno\" class=\"wp-image-7\" srcset=\"http:\/\/luthier-legros.com\/wp-content\/uploads\/2020\/01\/SAM_1431-1024x683.jpg 1024w, http:\/\/luthier-legros.com\/wp-content\/uploads\/2020\/01\/SAM_1431-300x200.jpg 300w, http:\/\/luthier-legros.com\/wp-content\/uploads\/2020\/01\/SAM_1431-768x512.jpg 768w, http:\/\/luthier-legros.com\/wp-content\/uploads\/2020\/01\/SAM_1431-750x500.jpg 750w, http:\/\/luthier-legros.com\/wp-content\/uploads\/2020\/01\/SAM_1431-400x267.jpg 400w, http:\/\/luthier-legros.com\/wp-content\/uploads\/2020\/01\/SAM_1431-430x287.jpg 430w, http:\/\/luthier-legros.com\/wp-content\/uploads\/2020\/01\/SAM_1431-150x100.jpg 150w, http:\/\/luthier-legros.com\/wp-content\/uploads\/2020\/01\/SAM_1431-100x67.jpg 100w\" sizes=\"auto, (max-width: 1024px) 100vw, 1024px\" \/><\/figure>\n<\/figure>\n","protected":false},"excerpt":{"rendered":"<p>Facteur et restaurateur d&#8217;instruments du quatuor \u00e0 cordes Je suis luthier fran\u00e7ais install\u00e9 en R\u00e9publique tch\u00e8que. J\u2019ai commenc\u00e9 \u00e0 apprendre le m\u00e9tier \u00e0 l\u2019\u00e2ge de 15 ans \u00e0 l\u2019\u00c9cole nationale [&hellip;]<\/p>\n","protected":false},"author":1,"featured_media":0,"parent":0,"menu_order":0,"comment_status":"closed","ping_status":"closed","template":"","meta":{"footnotes":""},"class_list":["post-298","page","type-page","status-publish","hentry"],"_links":{"self":[{"href":"http:\/\/luthier-legros.com\/index.php\/wp-json\/wp\/v2\/pages\/298","targetHints":{"allow":["GET"]}}],"collection":[{"href":"http:\/\/luthier-legros.com\/index.php\/wp-json\/wp\/v2\/pages"}],"about":[{"href":"http:\/\/luthier-legros.com\/index.php\/wp-json\/wp\/v2\/types\/page"}],"author":[{"embeddable":true,"href":"http:\/\/luthier-legros.com\/index.php\/wp-json\/wp\/v2\/users\/1"}],"replies":[{"embeddable":true,"href":"http:\/\/luthier-legros.com\/index.php\/wp-json\/wp\/v2\/comments?post=298"}],"version-history":[{"count":3,"href":"http:\/\/luthier-legros.com\/index.php\/wp-json\/wp\/v2\/pages\/298\/revisions"}],"predecessor-version":[{"id":305,"href":"http:\/\/luthier-legros.com\/index.php\/wp-json\/wp\/v2\/pages\/298\/revisions\/305"}],"wp:attachment":[{"href":"http:\/\/luthier-legros.com\/index.php\/wp-json\/wp\/v2\/media?parent=298"}],"curies":[{"name":"wp","href":"https:\/\/api.w.org\/{rel}","templated":true}]}}