{"id":43,"date":"2020-01-09T13:22:04","date_gmt":"2020-01-09T13:22:04","guid":{"rendered":"http:\/\/luthier-legros.com\/?page_id=43"},"modified":"2025-05-27T10:02:50","modified_gmt":"2025-05-27T10:02:50","slug":"matthieu-legros","status":"publish","type":"page","link":"http:\/\/luthier-legros.com\/index.php\/de\/matthieu-legros\/","title":{"rendered":"Willkommen"},"content":{"rendered":"<p data-start=\"40\" data-end=\"122\"><strong data-start=\"40\" data-end=\"122\">\u00a0Geigenbauer und Restaurator von Streichinstrumenten des Quartetts<\/strong><\/p>\n<p data-start=\"124\" data-end=\"473\">Ich bin ein franz\u00f6sischer Geigenbauer mit Sitz in der Tschechischen Republik. Mit 15 Jahren begann ich meine Ausbildung an der Nationalen Geigenbauschule in Mirecourt, die ich 1995 erfolgreich abschloss. Zwei Jahrzehnte lang arbeitete ich in Werkst\u00e4tten in Frankreich, Spanien und den Niederlanden, bevor ich mein eigenes Atelier in Br\u00fcnn er\u00f6ffnete.<\/p>\n<p data-start=\"475\" data-end=\"885\">Meine Werkstatt befindet sich im dritten Stock eines historischen Geb\u00e4udes in der Altstadt von Br\u00fcnn. Sie steht Musikerinnen und Musikern aller Hintergr\u00fcnde offen \u2014 von Anf\u00e4ngerinnen und Anf\u00e4ngern bis hin zu erfahrenen Profis \u2014 ganz gleich, ob sie klassische, barocke, Jazz- oder traditionelle Musik spielen. Ich nehme mir die Zeit zuzuh\u00f6ren, ihre Bed\u00fcrfnisse zu verstehen und eng mit ihnen zusammenzuarbeiten.<\/p>\n<p data-start=\"887\" data-end=\"1197\">Im Laufe der Jahre hatte ich das Privileg, mit renommierten Geigenbauern und Institutionen zusammenzuarbeiten. Dadurch hatte ich die Gelegenheit, au\u00dfergew\u00f6hnliche historische Instrumente zu restaurieren \u2014 eine Erfahrung, die meinen Ansatz im Geigenbau und in der Pflege von Instrumenten nachhaltig gepr\u00e4gt hat.<\/p>\n<p data-start=\"1199\" data-end=\"1405\">Ich hatte auch die M\u00f6glichkeit, Instrumente f\u00fcr professionelle und bekannte Musikerinnen und Musiker in ganz Europa zu bauen, und ich bin stets dankbar, sie auf ihrem k\u00fcnstlerischen Weg begleiten zu d\u00fcrfen.<\/p>\n<p data-start=\"1407\" data-end=\"1626\">Ich liebe Musik, ich liebe Handwerkskunst, und ich sch\u00e4tze die menschliche Verbindung zu den Musikerinnen und Musikern. Ich betrachte mich als sehr gl\u00fccklich, einen Beruf auszu\u00fcben, der all diese Leidenschaften vereint.<\/p>\n\n\n<figure class=\"wp-block-gallery has-nested-images columns-default is-cropped wp-block-gallery-1 is-layout-flex wp-block-gallery-is-layout-flex\">\n<figure class=\"wp-block-image\"><img loading=\"lazy\" decoding=\"async\" width=\"1024\" height=\"683\" data-id=\"22\" src=\"http:\/\/luthier-legros.com\/wp-content\/uploads\/2020\/01\/SAM_8490-1024x683.jpg\" alt=\"Matthieu Legros violin maker workshop in Brno restoration of a cello from Goffriller\" class=\"wp-image-22\"\/><\/figure>\n\n\n\n<figure class=\"wp-block-image\"><img loading=\"lazy\" decoding=\"async\" width=\"1024\" height=\"683\" data-id=\"7\" src=\"http:\/\/luthier-legros.com\/wp-content\/uploads\/2020\/01\/SAM_1431-1024x683.jpg\" alt=\"violin maker Matthieu Legros construction of a new cello in Brno\" class=\"wp-image-7\" srcset=\"http:\/\/luthier-legros.com\/wp-content\/uploads\/2020\/01\/SAM_1431-1024x683.jpg 1024w, http:\/\/luthier-legros.com\/wp-content\/uploads\/2020\/01\/SAM_1431-300x200.jpg 300w, http:\/\/luthier-legros.com\/wp-content\/uploads\/2020\/01\/SAM_1431-768x512.jpg 768w, http:\/\/luthier-legros.com\/wp-content\/uploads\/2020\/01\/SAM_1431-750x500.jpg 750w, http:\/\/luthier-legros.com\/wp-content\/uploads\/2020\/01\/SAM_1431-400x267.jpg 400w, http:\/\/luthier-legros.com\/wp-content\/uploads\/2020\/01\/SAM_1431-430x287.jpg 430w, http:\/\/luthier-legros.com\/wp-content\/uploads\/2020\/01\/SAM_1431-150x100.jpg 150w, http:\/\/luthier-legros.com\/wp-content\/uploads\/2020\/01\/SAM_1431-100x67.jpg 100w\" sizes=\"auto, (max-width: 1024px) 100vw, 1024px\" \/><\/figure>\n<\/figure>\n","protected":false},"excerpt":{"rendered":"<p>\u00a0Geigenbauer und Restaurator von Streichinstrumenten des Quartetts Ich bin ein franz\u00f6sischer Geigenbauer mit Sitz in der Tschechischen Republik. Mit 15 Jahren begann ich meine Ausbildung an der Nationalen Geigenbauschule in [&hellip;]<\/p>\n","protected":false},"author":1,"featured_media":0,"parent":0,"menu_order":0,"comment_status":"closed","ping_status":"closed","template":"","meta":{"footnotes":""},"class_list":["post-43","page","type-page","status-publish","hentry"],"_links":{"self":[{"href":"http:\/\/luthier-legros.com\/index.php\/wp-json\/wp\/v2\/pages\/43","targetHints":{"allow":["GET"]}}],"collection":[{"href":"http:\/\/luthier-legros.com\/index.php\/wp-json\/wp\/v2\/pages"}],"about":[{"href":"http:\/\/luthier-legros.com\/index.php\/wp-json\/wp\/v2\/types\/page"}],"author":[{"embeddable":true,"href":"http:\/\/luthier-legros.com\/index.php\/wp-json\/wp\/v2\/users\/1"}],"replies":[{"embeddable":true,"href":"http:\/\/luthier-legros.com\/index.php\/wp-json\/wp\/v2\/comments?post=43"}],"version-history":[{"count":14,"href":"http:\/\/luthier-legros.com\/index.php\/wp-json\/wp\/v2\/pages\/43\/revisions"}],"predecessor-version":[{"id":308,"href":"http:\/\/luthier-legros.com\/index.php\/wp-json\/wp\/v2\/pages\/43\/revisions\/308"}],"wp:attachment":[{"href":"http:\/\/luthier-legros.com\/index.php\/wp-json\/wp\/v2\/media?parent=43"}],"curies":[{"name":"wp","href":"https:\/\/api.w.org\/{rel}","templated":true}]}}